{"id":15998,"date":"2026-02-25T13:16:16","date_gmt":"2026-02-25T05:16:16","guid":{"rendered":"https:\/\/westshorefurniture.com\/?page_id=15998"},"modified":"2026-02-25T13:16:17","modified_gmt":"2026-02-25T05:16:17","slug":"outdoor-play-equipment","status":"publish","type":"page","link":"https:\/\/westshorefurniture.com\/de\/ireland\/outdoor-play-equipment\/","title":{"rendered":"Spielger\u00e4te f\u00fcr drau\u00dfen"},"content":{"rendered":"","protected":false},"excerpt":{"rendered":"","protected":false},"author":1,"featured_media":0,"parent":15985,"menu_order":0,"comment_status":"closed","ping_status":"closed","template":"","meta":{"footnotes":""},"class_list":["post-15998","page","type-page","status-publish","hentry"],"_links":{"self":[{"href":"https:\/\/westshorefurniture.com\/de\/wp-json\/wp\/v2\/pages\/15998","targetHints":{"allow":["GET"]}}],"collection":[{"href":"https:\/\/westshorefurniture.com\/de\/wp-json\/wp\/v2\/pages"}],"about":[{"href":"https:\/\/westshorefurniture.com\/de\/wp-json\/wp\/v2\/types\/page"}],"author":[{"embeddable":true,"href":"https:\/\/westshorefurniture.com\/de\/wp-json\/wp\/v2\/users\/1"}],"replies":[{"embeddable":true,"href":"https:\/\/westshorefurniture.com\/de\/wp-json\/wp\/v2\/comments?post=15998"}],"version-history":[{"count":1,"href":"https:\/\/westshorefurniture.com\/de\/wp-json\/wp\/v2\/pages\/15998\/revisions"}],"predecessor-version":[{"id":15999,"href":"https:\/\/westshorefurniture.com\/de\/wp-json\/wp\/v2\/pages\/15998\/revisions\/15999"}],"up":[{"embeddable":true,"href":"https:\/\/westshorefurniture.com\/de\/wp-json\/wp\/v2\/pages\/15985"}],"wp:attachment":[{"href":"https:\/\/westshorefurniture.com\/de\/wp-json\/wp\/v2\/media?parent=15998"}],"curies":[{"name":"wp","href":"https:\/\/api.w.org\/{rel}","templated":true}]}}