{"id":962,"date":"2023-11-09T13:07:41","date_gmt":"2023-11-09T05:07:41","guid":{"rendered":"https:\/\/westshorefurniture.com\/?page_id=962"},"modified":"2025-07-28T13:06:12","modified_gmt":"2025-07-28T05:06:12","slug":"gracias","status":"publish","type":"page","link":"https:\/\/westshorefurniture.com\/es\/thank-you\/","title":{"rendered":"Gracias"},"content":{"rendered":"<div data-elementor-type=\"wp-page\" data-elementor-id=\"962\" class=\"elementor elementor-962\" data-elementor-post-type=\"page\">\n\t\t\t\t\t\t<section class=\"elementor-section elementor-top-section elementor-element elementor-element-esgm5c1 elementor-section-boxed elementor-section-height-default elementor-section-height-default\" data-id=\"esgm5c1\" data-element_type=\"section\" data-e-type=\"section\" data-settings=\"{&quot;background_background&quot;:&quot;classic&quot;,&quot;ekit_has_onepagescroll_dot&quot;:&quot;yes&quot;}\">\n\t\t\t\t\t\t\t<div class=\"elementor-background-overlay\"><\/div>\n\t\t\t\t\t\t\t<div class=\"elementor-container elementor-column-gap-default\">\n\t\t\t\t\t<div class=\"elementor-column elementor-col-100 elementor-top-column elementor-element elementor-element-e5f5bb7\" data-id=\"e5f5bb7\" data-element_type=\"column\" data-e-type=\"column\">\n\t\t\t<div class=\"elementor-widget-wrap elementor-element-populated\">\n\t\t\t\t\t\t<div class=\"elementor-element elementor-element-18dcf90 elementor-widget elementor-widget-heading\" data-id=\"18dcf90\" data-element_type=\"widget\" data-e-type=\"widget\" data-settings=\"{&quot;ekit_we_effect_on&quot;:&quot;none&quot;}\" data-widget_type=\"heading.default\">\n\t\t\t\t<div class=\"elementor-widget-container\">\n\t\t\t\t\t<h1 class=\"elementor-heading-title elementor-size-default\">Gracias<\/h1>\t\t\t\t<\/div>\n\t\t\t\t<\/div>\n\t\t\t\t<div class=\"elementor-element elementor-element-250d69b elementor-widget elementor-widget-text-editor\" data-id=\"250d69b\" data-element_type=\"widget\" data-e-type=\"widget\" data-settings=\"{&quot;ekit_we_effect_on&quot;:&quot;none&quot;}\" data-widget_type=\"text-editor.default\">\n\t\t\t\t<div class=\"elementor-widget-container\">\n\t\t\t\t\t\t\t\t\t<p>\u00a1Felicitaciones! Su formulario enviado a <b>Muebles West Shore<\/b> Ha sido un \u00e9xito. Normalmente respondemos en un d\u00eda h\u00e1bil. Mientras tanto, no dude en seguir explorando nuestro sitio web para descubrir m\u00e1s soluciones excepcionales de mobiliario para guarder\u00edas. Nos complace ayudarle a crear un espacio vibrante y acogedor para los m\u00e1s peque\u00f1os.<\/p>\t\t\t\t\t\t\t\t<\/div>\n\t\t\t\t<\/div>\n\t\t\t\t<div class=\"elementor-element elementor-element-ae0cf32 elementor-align-center elementor-widget elementor-widget-button\" data-id=\"ae0cf32\" data-element_type=\"widget\" data-e-type=\"widget\" data-settings=\"{&quot;ekit_we_effect_on&quot;:&quot;none&quot;}\" data-widget_type=\"button.default\">\n\t\t\t\t<div class=\"elementor-widget-container\">\n\t\t\t\t\t\t\t\t\t<div class=\"elementor-button-wrapper\">\n\t\t\t\t\t<a class=\"elementor-button elementor-button-link elementor-size-md\" href=\"https:\/\/westshorefurniture.com\/es\/\">\n\t\t\t\t\t\t<span class=\"elementor-button-content-wrapper\">\n\t\t\t\t\t\t\t\t\t<span class=\"elementor-button-text\">Visita la p\u00e1gina de inicio<\/span>\n\t\t\t\t\t<\/span>\n\t\t\t\t\t<\/a>\n\t\t\t\t<\/div>\n\t\t\t\t\t\t\t\t<\/div>\n\t\t\t\t<\/div>\n\t\t\t\t\t<\/div>\n\t\t<\/div>\n\t\t\t\t\t<\/div>\n\t\t<\/section>\n\t\t\t\t<\/div>","protected":false},"excerpt":{"rendered":"<p>Thank You Congratulations! Your form submission to West Shore Furniture has been successful. We typically respond within one business day. In the meantime, feel free to continue exploring our website for more exceptional daycare furniture solutions. We&#8217;re excited to assist you in creating a vibrant and nurturing space for little ones. Visit Homepage<\/p>","protected":false},"author":1,"featured_media":0,"parent":0,"menu_order":0,"comment_status":"closed","ping_status":"closed","template":"","meta":{"footnotes":""},"class_list":["post-962","page","type-page","status-publish","hentry"],"_links":{"self":[{"href":"https:\/\/westshorefurniture.com\/es\/wp-json\/wp\/v2\/pages\/962","targetHints":{"allow":["GET"]}}],"collection":[{"href":"https:\/\/westshorefurniture.com\/es\/wp-json\/wp\/v2\/pages"}],"about":[{"href":"https:\/\/westshorefurniture.com\/es\/wp-json\/wp\/v2\/types\/page"}],"author":[{"embeddable":true,"href":"https:\/\/westshorefurniture.com\/es\/wp-json\/wp\/v2\/users\/1"}],"replies":[{"embeddable":true,"href":"https:\/\/westshorefurniture.com\/es\/wp-json\/wp\/v2\/comments?post=962"}],"version-history":[{"count":21,"href":"https:\/\/westshorefurniture.com\/es\/wp-json\/wp\/v2\/pages\/962\/revisions"}],"predecessor-version":[{"id":11005,"href":"https:\/\/westshorefurniture.com\/es\/wp-json\/wp\/v2\/pages\/962\/revisions\/11005"}],"wp:attachment":[{"href":"https:\/\/westshorefurniture.com\/es\/wp-json\/wp\/v2\/media?parent=962"}],"curies":[{"name":"wp","href":"https:\/\/api.w.org\/{rel}","templated":true}]}}